{"id":606,"date":"2024-01-16T06:45:02","date_gmt":"2024-01-16T06:45:02","guid":{"rendered":"https:\/\/data-intermediation.eu\/home\/"},"modified":"2024-06-27T11:45:21","modified_gmt":"2024-06-27T11:45:21","slug":"home","status":"publish","type":"page","link":"https:\/\/data-intermediation.eu\/en\/","title":{"rendered":"Home"},"content":{"rendered":"<section class=\"vision__section\" id=\"vission\">\r\n  <div class=\"container\">\r\n    <div class=\"block__ttl\">\r\n\r\n              <span class=\"block__ttl__tagline\">OUR VISION<\/span>\r\n      \r\n              <h2 class=\"block__ttl__hdng\">To accelerate the creation of economic and social value through data intermediation.<\/h2>\r\n      \r\n              <div class=\"block__ttl__desc\">\r\n          <p><strong>Our requirement<\/strong>: respect for three essential principles:<\/p>\n        <\/div>\r\n      \r\n    <\/div>\r\n\r\n    <div class=\"vision__row\">\r\n      <div class=\"row\">\r\n                  <div class=\"col-sm-4\">\r\n            <div class=\"vision__card\">\r\n              <div class=\"vision__top d-flex justify-content-between\">\r\n                <div class=\"icon\">\r\n                  <img decoding=\"async\" src=\"https:\/\/data-intermediation.eu\/wp-content\/uploads\/2024\/01\/pic_hand.svg\" alt=\"\" class=\"svg\" \/>\r\n                <\/div>\r\n                <div class=\"icon__shape\">\r\n                  <img decoding=\"async\" src=\"https:\/\/data-intermediation.eu\/wp-content\/uploads\/2024\/01\/vision-dots-1.svg\" alt=\"\" class=\"svg\"\/>\r\n                <\/div>\r\n              <\/div>\r\n              <div class=\"vision__btm\">\r\n                <h4 class=\"title\">Trust<\/h4>\r\n                <div class=\"desc\">\r\n                  to reassure data producers.                <\/div>\r\n              <\/div>\r\n            <\/div>\r\n          <\/div>\r\n                  <div class=\"col-sm-4\">\r\n            <div class=\"vision__card\">\r\n              <div class=\"vision__top d-flex justify-content-between\">\r\n                <div class=\"icon\">\r\n                  <img decoding=\"async\" src=\"https:\/\/data-intermediation.eu\/wp-content\/uploads\/2024\/01\/pic_pointer.svg\" alt=\"\" class=\"svg\" \/>\r\n                <\/div>\r\n                <div class=\"icon__shape\">\r\n                  <img decoding=\"async\" src=\"https:\/\/data-intermediation.eu\/wp-content\/uploads\/2024\/01\/vision-dots-2.svg\" alt=\"\" class=\"svg\"\/>\r\n                <\/div>\r\n              <\/div>\r\n              <div class=\"vision__btm\">\r\n                <h4 class=\"title\">Transparency<\/h4>\r\n                <div class=\"desc\">\r\n                  to guarantee the proper use of data in confidence                <\/div>\r\n              <\/div>\r\n            <\/div>\r\n          <\/div>\r\n                  <div class=\"col-sm-4\">\r\n            <div class=\"vision__card\">\r\n              <div class=\"vision__top d-flex justify-content-between\">\r\n                <div class=\"icon\">\r\n                  <img decoding=\"async\" src=\"https:\/\/data-intermediation.eu\/wp-content\/uploads\/2024\/01\/pic_shield.svg\" alt=\"\" class=\"svg\" \/>\r\n                <\/div>\r\n                <div class=\"icon__shape\">\r\n                  <img decoding=\"async\" src=\"https:\/\/data-intermediation.eu\/wp-content\/uploads\/2024\/01\/vision-dots-3.svg\" alt=\"\" class=\"svg\"\/>\r\n                <\/div>\r\n              <\/div>\r\n              <div class=\"vision__btm\">\r\n                <h4 class=\"title\">Security<\/h4>\r\n                <div class=\"desc\">\r\n                  to govern data accessibility and technological interoperability                <\/div>\r\n              <\/div>\r\n            <\/div>\r\n          <\/div>\r\n              <\/div>\r\n\r\n              <div class=\"btn-group mt-4\">\r\n                      <a href=\"https:\/\/data-intermediation.eu\/en\/contact\/\" class=\"btn btn-primary\" >\r\n              <span> Join us                <i><img decoding=\"async\" src=\"https:\/\/data-intermediation.eu\/wp-content\/themes\/aid\/assets\/images\/right-arw.svg\" alt=\"\" class=\"svg\" \/><\/i>\r\n              <\/span>\r\n            <\/a>\r\n                  <\/div>\r\n          <\/div>\r\n\r\n          <div class=\"president__msg\">\r\n        <div class=\"row justify-content-end\">\r\n          <div class=\"col-sm-9\">\r\n            <div class=\"president__msg__blk\">\r\n              <span class=\"shape\">\r\n                <img decoding=\"async\" src=\"https:\/\/data-intermediation.eu\/wp-content\/themes\/aid\/assets\/images\/president__shape.svg\" alt=\"\" class=\"svg\"\/>\r\n              <\/span>\r\n              <div class=\"president__msg__lt\">\r\n\r\n                                  <p class=\"msg__text\">\u201cAs chairman of AID, I will be keen to share France\u2019s successful experiences of data intermediation at European level. Success stories that combine trust, transparency, security and sovereignty.\u201d<\/p>\r\n                \r\n                <span class=\"president__name\">S\u00e9bastien Picardat                  <small>Chairman of AID, CEO Agdatahub<\/small>\r\n                <\/span>\r\n\r\n                                  <div class=\"btn-group\">\r\n                    <a href=\"https:\/\/www.linkedin.com\/in\/s%C3%A9bastien-picardat-5071791\/\" target=\"_blank\"><i class=\"fab fa-linkedin-in\"><\/i><\/a>\r\n                  <\/div>\r\n                \r\n              <\/div>\r\n\r\n                              <div class=\"president__msg__rt\">\r\n                  <img decoding=\"async\" src=\"https:\/\/data-intermediation.eu\/wp-content\/uploads\/2024\/01\/sebastien.png\" alt=\"\" \/>\r\n                <\/div>\r\n                            \r\n            <\/div>\r\n          <\/div>\r\n        <\/div>\r\n      <\/div>\r\n      <\/div>\r\n<\/section>\n\n<section class=\"news__section cmn__section\">\r\n  <div class=\"container\">\r\n    <div class=\"block__ttl text-center\">\r\n\r\n              <span class=\"block__ttl__tagline\">ALL THE NEWS<\/span>\r\n      \r\n              <h2 class=\"block__ttl__hdng\">For trust, transparency and security in data transactions<\/h2>\r\n      \r\n      <ul class=\"nav nav-tabs news__tabs\" id=\"myTab\" role=\"tablist\">\r\n        \r\n        <li class=\"nav-item\" role=\"presentation\">\r\n          <button class=\"nav-link active news_filter\" data-block_page=\"home\" data-cat_id=\"\">All<\/button>\r\n        <\/li>\r\n\r\n                  <li class=\"nav-item\" role=\"presentation\">\r\n            <button class=\"nav-link news_filter\" data-block_page=\"home\" data-cat_id=\"24\">\r\n              News            <\/button>\r\n          <\/li>\r\n                  <li class=\"nav-item\" role=\"presentation\">\r\n            <button class=\"nav-link news_filter\" data-block_page=\"home\" data-cat_id=\"25\">\r\n              Press Releases            <\/button>\r\n          <\/li>\r\n        \r\n      <\/ul>\r\n    <\/div>\r\n\r\n        <div class=\"tab-content news__listing\" id=\"myTabContent\">\r\n      <div class=\"news__grid news\">\r\n        \r\n\r\n<div class=\"news__col\">\r\n  <figure class=\"thumb\">\r\n    <img decoding=\"async\" src=\"https:\/\/data-intermediation.eu\/wp-content\/uploads\/2024\/06\/Sans-titre-1.png\" alt=\"\" \/>\r\n  <\/figure>\r\n\r\n  <figcaption class=\"caption\">\r\n    <div class=\"figurecontent\">\r\n      <h4 class=\"hdng\">Arcep gives the go-ahead for the labelling of Data Intermediation Service Providers<\/h4>\r\n      <span class=\"date\">07 June 2024<\/span>\r\n    <\/div>\r\n    <div class=\"btn-group\">\r\n      <a href=\"https:\/\/data-intermediation.eu\/en\/arcep-gives-the-go-ahead-for-the-labelling-of-data-intermediation-service-providers\/\" class=\"btn btn-outline-primary btn-sm\">Read more<\/a>\r\n    <\/div>\r\n  <\/figcaption>\r\n<\/div>\r\n\r\n\r\n<div class=\"news__col\">\r\n  <figure class=\"thumb\">\r\n    <img decoding=\"async\" src=\"https:\/\/data-intermediation.eu\/wp-content\/uploads\/2024\/01\/home-hero-3-scaled.jpg\" alt=\"\" \/>\r\n  <\/figure>\r\n\r\n  <figcaption class=\"caption\">\r\n    <div class=\"figurecontent\">\r\n      <h4 class=\"hdng\">Data intermediaries : Agdatahub, Hub One DataTrust and MiTrust officially entered on the European register<\/h4>\r\n      <span class=\"date\">04 June 2024<\/span>\r\n    <\/div>\r\n    <div class=\"btn-group\">\r\n      <a href=\"https:\/\/data-intermediation.eu\/en\/data-intermediaries-agdatahub-hub-one-datatrust-mitrust-european-register\/\" class=\"btn btn-outline-primary btn-sm\">Read more<\/a>\r\n    <\/div>\r\n  <\/figcaption>\r\n<\/div>\r\n\r\n\r\n<div class=\"news__col\">\r\n  <figure class=\"thumb\">\r\n    <img decoding=\"async\" src=\"https:\/\/data-intermediation.eu\/wp-content\/uploads\/2024\/04\/ia-generative-aid.jpg\" alt=\"\" \/>\r\n  <\/figure>\r\n\r\n  <figcaption class=\"caption\">\r\n    <div class=\"figurecontent\">\r\n      <h4 class=\"hdng\">Generative AI: data intermediaries as guarantors of a balanced and ethical data market<\/h4>\r\n      <span class=\"date\">08 April 2024<\/span>\r\n    <\/div>\r\n    <div class=\"btn-group\">\r\n      <a href=\"https:\/\/data-intermediation.eu\/en\/generative-ai-data-intermediaries-as-guarantors-of-a-balanced-and-ethical-data-market\/\" class=\"btn btn-outline-primary btn-sm\">Read more<\/a>\r\n    <\/div>\r\n  <\/figcaption>\r\n<\/div>\r\n\r\n\r\n\r\n\r\n        <\/div>\r\n\r\n              <div class=\"btn-group d-flex justify-content-center mt-5\">\r\n                      <a href=\"https:\/\/data-intermediation.eu\/en\/news\/\" class=\"btn btn-secondary\" >\r\n              <span>All                <i><img decoding=\"async\" src=\"https:\/\/data-intermediation.eu\/wp-content\/themes\/aid\/assets\/images\/cta_add.svg\" alt=\"\" class=\"svg\" \/><\/i>\r\n              <\/span>\r\n            <\/a>\r\n                  <\/div>\r\n            \r\n    <\/div>\r\n    <\/div>\r\n<\/section>\n\n<section class=\"cmn__section\" id=\"count\">\r\n  <div class=\"container\">\r\n    <div class=\"row justify-content-center\">\r\n      <div class=\"col-sm-10\">\r\n        <div class=\"block__ttl text-center\">\r\n\r\n                      <span class=\"block__ttl__tagline\">KEY FIGURES<\/span>\r\n                      <h2 class=\"block__ttl__hdng\">\r\n            A world and a Europe of data<sup>1<\/sup>          <\/h2>\r\n          <div class=\"block__ttl__desc desc__sm\"><p><sup>1<\/sup> <strong>Source<\/strong>:\u00a0<a href=\"https:\/\/commission.europa.eu\/strategy-and-policy\/priorities-2019-2024\/europe-fit-digital-age\/european-data-strategy_en\" target=\"_blank\" rel=\"noopener\">European Commission<\/a> website, consulted on 03\/12\/2023<\/p>\n<\/div>\r\n        <\/div>\r\n\r\n        <div class=\"figure__grid\">\r\n\r\n                      <div class=\"figure__col text-end\">\r\n              <span class=\"digit\">+530%<\/span>\r\n              <p>increase in global data volume (from 33 zettabytes in 2018 to 175 zettabytes in 2025)<\/p>\r\n            <\/div>\r\n          \r\n                      <div class=\"figure__col\">\r\n              <span class=\"billion\"><strong>829<\/strong> billions data-driven<\/span>\r\n              <p>market in Europe (EU-27) compared with \u20ac301 billion (2.4 % of EU GDP) in 2018.<\/p>\r\n            <\/div>\r\n          \r\n        <\/div>\r\n\r\n                <div class=\"btn-group d-flex justify-content-center mt-5\">\r\n                    <a href=\"https:\/\/data-intermediation.eu\/en\/data-intermediation\/\" class=\"btn btn-secondary\" >\r\n            <span>Data intermediation              <i><img decoding=\"async\" src=\"https:\/\/data-intermediation.eu\/wp-content\/themes\/aid\/assets\/images\/right-arw.svg\" alt=\"\" class=\"svg\" \/><\/i>\r\n            <\/span>\r\n          <\/a>\r\n                <\/div>\r\n            <\/div>\r\n    <\/div>\r\n  <\/div>\r\n<\/section>","protected":false},"excerpt":{"rendered":"","protected":false},"author":2,"featured_media":0,"parent":0,"menu_order":1,"comment_status":"closed","ping_status":"closed","template":"","meta":{"_acf_changed":false,"inline_featured_image":false,"footnotes":""},"class_list":["post-606","page","type-page","status-publish","hentry"],"acf":[],"yoast_head":"<!-- This site is optimized with the Yoast SEO plugin v27.2 - https:\/\/yoast.com\/product\/yoast-seo-wordpress\/ -->\n<title>Home | Association pour l&#039;interm\u00e9diation de donn\u00e9es<\/title>\n<meta name=\"description\" content=\"The Association pour l&#039;interm\u00e9diation de donn\u00e9es (AID) brings together the professional players in data intermediation in France and Europe.\" \/>\n<meta name=\"robots\" content=\"index, follow, max-snippet:-1, max-image-preview:large, max-video-preview:-1\" \/>\n<link rel=\"canonical\" href=\"https:\/\/data-intermediation.eu\/en\/\" \/>\n<meta property=\"og:locale\" content=\"en_US\" \/>\n<meta property=\"og:type\" content=\"article\" \/>\n<meta property=\"og:title\" content=\"Home | Association pour l&#039;interm\u00e9diation de donn\u00e9es\" \/>\n<meta property=\"og:description\" content=\"The Association pour l&#039;interm\u00e9diation de donn\u00e9es (AID) brings together the professional players in data intermediation in France and Europe.\" \/>\n<meta property=\"og:url\" content=\"https:\/\/data-intermediation.eu\/en\/\" \/>\n<meta property=\"og:site_name\" content=\"Association pour l&#039;interm\u00e9diation de donn\u00e9es\" \/>\n<meta property=\"article:modified_time\" content=\"2024-06-27T11:45:21+00:00\" \/>\n<meta name=\"twitter:card\" content=\"summary_large_image\" \/>\n<script type=\"application\/ld+json\" class=\"yoast-schema-graph\">{\"@context\":\"https:\/\/schema.org\",\"@graph\":[{\"@type\":\"WebPage\",\"@id\":\"https:\/\/data-intermediation.eu\/en\/\",\"url\":\"https:\/\/data-intermediation.eu\/en\/\",\"name\":\"Home | Association pour l&#039;interm\u00e9diation de donn\u00e9es\",\"isPartOf\":{\"@id\":\"https:\/\/data-intermediation.eu\/en\/#website\"},\"datePublished\":\"2024-01-16T06:45:02+00:00\",\"dateModified\":\"2024-06-27T11:45:21+00:00\",\"description\":\"The Association pour l'interm\u00e9diation de donn\u00e9es (AID) brings together the professional players in data intermediation in France and Europe.\",\"breadcrumb\":{\"@id\":\"https:\/\/data-intermediation.eu\/en\/#breadcrumb\"},\"inLanguage\":\"en-US\",\"potentialAction\":[{\"@type\":\"ReadAction\",\"target\":[\"https:\/\/data-intermediation.eu\/en\/\"]}]},{\"@type\":\"BreadcrumbList\",\"@id\":\"https:\/\/data-intermediation.eu\/en\/#breadcrumb\",\"itemListElement\":[{\"@type\":\"ListItem\",\"position\":1,\"name\":\"Accueil\",\"item\":\"https:\/\/data-intermediation.eu\/en\/home\/\"},{\"@type\":\"ListItem\",\"position\":2,\"name\":\"Home\"}]},{\"@type\":\"WebSite\",\"@id\":\"https:\/\/data-intermediation.eu\/en\/#website\",\"url\":\"https:\/\/data-intermediation.eu\/en\/\",\"name\":\"Association pour l&#039;interm\u00e9diation de donn\u00e9es\",\"description\":\"\",\"potentialAction\":[{\"@type\":\"SearchAction\",\"target\":{\"@type\":\"EntryPoint\",\"urlTemplate\":\"https:\/\/data-intermediation.eu\/en\/?s={search_term_string}\"},\"query-input\":{\"@type\":\"PropertyValueSpecification\",\"valueRequired\":true,\"valueName\":\"search_term_string\"}}],\"inLanguage\":\"en-US\"}]}<\/script>\n<!-- \/ Yoast SEO plugin. -->","yoast_head_json":{"title":"Home | Association pour l&#039;interm\u00e9diation de donn\u00e9es","description":"The Association pour l'interm\u00e9diation de donn\u00e9es (AID) brings together the professional players in data intermediation in France and Europe.","robots":{"index":"index","follow":"follow","max-snippet":"max-snippet:-1","max-image-preview":"max-image-preview:large","max-video-preview":"max-video-preview:-1"},"canonical":"https:\/\/data-intermediation.eu\/en\/","og_locale":"en_US","og_type":"article","og_title":"Home | Association pour l&#039;interm\u00e9diation de donn\u00e9es","og_description":"The Association pour l'interm\u00e9diation de donn\u00e9es (AID) brings together the professional players in data intermediation in France and Europe.","og_url":"https:\/\/data-intermediation.eu\/en\/","og_site_name":"Association pour l&#039;interm\u00e9diation de donn\u00e9es","article_modified_time":"2024-06-27T11:45:21+00:00","twitter_card":"summary_large_image","schema":{"@context":"https:\/\/schema.org","@graph":[{"@type":"WebPage","@id":"https:\/\/data-intermediation.eu\/en\/","url":"https:\/\/data-intermediation.eu\/en\/","name":"Home | Association pour l&#039;interm\u00e9diation de donn\u00e9es","isPartOf":{"@id":"https:\/\/data-intermediation.eu\/en\/#website"},"datePublished":"2024-01-16T06:45:02+00:00","dateModified":"2024-06-27T11:45:21+00:00","description":"The Association pour l'interm\u00e9diation de donn\u00e9es (AID) brings together the professional players in data intermediation in France and Europe.","breadcrumb":{"@id":"https:\/\/data-intermediation.eu\/en\/#breadcrumb"},"inLanguage":"en-US","potentialAction":[{"@type":"ReadAction","target":["https:\/\/data-intermediation.eu\/en\/"]}]},{"@type":"BreadcrumbList","@id":"https:\/\/data-intermediation.eu\/en\/#breadcrumb","itemListElement":[{"@type":"ListItem","position":1,"name":"Accueil","item":"https:\/\/data-intermediation.eu\/en\/home\/"},{"@type":"ListItem","position":2,"name":"Home"}]},{"@type":"WebSite","@id":"https:\/\/data-intermediation.eu\/en\/#website","url":"https:\/\/data-intermediation.eu\/en\/","name":"Association pour l&#039;interm\u00e9diation de donn\u00e9es","description":"","potentialAction":[{"@type":"SearchAction","target":{"@type":"EntryPoint","urlTemplate":"https:\/\/data-intermediation.eu\/en\/?s={search_term_string}"},"query-input":{"@type":"PropertyValueSpecification","valueRequired":true,"valueName":"search_term_string"}}],"inLanguage":"en-US"}]}},"_links":{"self":[{"href":"https:\/\/data-intermediation.eu\/en\/wp-json\/wp\/v2\/pages\/606","targetHints":{"allow":["GET"]}}],"collection":[{"href":"https:\/\/data-intermediation.eu\/en\/wp-json\/wp\/v2\/pages"}],"about":[{"href":"https:\/\/data-intermediation.eu\/en\/wp-json\/wp\/v2\/types\/page"}],"author":[{"embeddable":true,"href":"https:\/\/data-intermediation.eu\/en\/wp-json\/wp\/v2\/users\/2"}],"replies":[{"embeddable":true,"href":"https:\/\/data-intermediation.eu\/en\/wp-json\/wp\/v2\/comments?post=606"}],"version-history":[{"count":10,"href":"https:\/\/data-intermediation.eu\/en\/wp-json\/wp\/v2\/pages\/606\/revisions"}],"predecessor-version":[{"id":1408,"href":"https:\/\/data-intermediation.eu\/en\/wp-json\/wp\/v2\/pages\/606\/revisions\/1408"}],"wp:attachment":[{"href":"https:\/\/data-intermediation.eu\/en\/wp-json\/wp\/v2\/media?parent=606"}],"curies":[{"name":"wp","href":"https:\/\/api.w.org\/{rel}","templated":true}]}}